{"id":1257,"date":"2025-03-01T11:34:32","date_gmt":"2025-03-01T11:34:32","guid":{"rendered":"https:\/\/catalyzer.fi\/startsida\/"},"modified":"2025-04-03T17:59:50","modified_gmt":"2025-04-03T17:59:50","slug":"startsida","status":"publish","type":"page","link":"https:\/\/catalyzer.fi\/sv\/","title":{"rendered":"Startsida"},"content":{"rendered":"\n\n\t<h6>\n\t\t\t\tF\u00f6r en b\u00e4ttre morgondag\n\t\t\t<\/h6>\n\t<h1>\n\t\t\t\tSt\u00f6d f\u00f6r att lyckas\n\t\t\t<\/h1>\n\t<p>Uppdrag &#8211; St\u00f6da f\u00f6retag och organisationer att lyckas i sin verksamhetsutveckling<\/p>\n\t\t\t\t\t\t<h3>Bra planerat, h\u00e4lften gjort.<\/h3>\t\t\t\t\t\n\t\t\t\t<img decoding=\"async\" src=\"https:\/\/catalyzer.fi\/wp-content\/uploads\/bb-plugin\/cache\/AdobeStock_1212040126-scaled-square.jpeg\" alt=\"Rocky coast of the gulf of finland at sunset. Summer in Finland\" title=\"Rocky coast of the gulf of finland at sunset. Summer in Finland\" itemprop=\"image\"\/>\n\t<h6>\n\t\t\t\tV\u00e5ra tj\u00e4nster\n\t\t\t<\/h6>\n\t<p>Gedigen erfarenhet inom industri och utbildning i \u00f6ver 30 \u00e5r<\/p>\n\t<p>Erfarenhet av verksamhetsutveckling som kvalitetsdirekt\u00f6r och kvalitetschef, arbetarskyddschef, konsult, ledande audit\u00f6r och utbildare.<\/p>\n<p>Erbjuder tj\u00e4nster som konsult, leasing chef samt utbildare och faciliterare \u00e5t s\u00e5v\u00e4l sm\u00e5 som stora f\u00f6retag och organisationer.<\/p>\n\t<p>Hur<\/p>\n\t\t\t\t<img decoding=\"async\" src=\"https:\/\/catalyzer.fi\/wp-content\/uploads\/2025\/03\/Consultancy.png\" alt=\"Consultancy\" title=\"Consultancy\" itemprop=\"image\"\/>\n\t<h3>\n\t\t\t\tKonsultverksamhet &amp; leasing\n\t\t\t<\/h3>\n\t\t\t\t<img decoding=\"async\" src=\"https:\/\/catalyzer.fi\/wp-content\/uploads\/2025\/03\/Training.png\" alt=\"Training\" title=\"Training\" itemprop=\"image\"\/>\n\t<h3>\n\t\t\t\tUtbildning &amp; facilitering\n\t\t\t<\/h3>\n\t<p>Vad<\/p>\n\t\t\t\t<img decoding=\"async\" src=\"https:\/\/catalyzer.fi\/wp-content\/uploads\/2025\/03\/QUALITY.png\" alt=\"QUALITY\" title=\"QUALITY\" itemprop=\"image\"\/>\n\t<h3>\n\t\t\t\tKvalitet\n\t\t\t<\/h3>\n\t\t\t\t<img decoding=\"async\" src=\"https:\/\/catalyzer.fi\/wp-content\/uploads\/2025\/03\/Environment.png\" alt=\"Environment\" title=\"Environment\" itemprop=\"image\"\/>\n\t<h3>\n\t\t\t\tMilj\u00f6 &amp; Energieffektivitet\n\t\t\t<\/h3>\n\t\t\t\t<img decoding=\"async\" src=\"https:\/\/catalyzer.fi\/wp-content\/uploads\/2025\/03\/Health.png\" alt=\"Health\" title=\"Health\" itemprop=\"image\"\/>\n\t<h3>\n\t\t\t\tH\u00e4lsa och s\u00e4kerhet p\u00e5 arbetsplatsen\n\t\t\t<\/h3>\n\t\t\t\t<img decoding=\"async\" src=\"https:\/\/catalyzer.fi\/wp-content\/uploads\/2025\/03\/Process.png\" alt=\"Process\" title=\"Process\" itemprop=\"image\"\/>\n\t<h3>\n\t\t\t\tF\u00f6rb\u00e4ttring och optimering av processer\n\t\t\t<\/h3>\n\t<h6>\n\t\t\t\tF\u00f6r en b\u00e4ttre morgondag\n\t\t\t<\/h6>\n\t<h2>\n\t\t\t\tKontakta oss\n\t\t\t<\/h2>\n\t\t\t<a href=\"https:\/\/catalyzer.fi\/sv\/kontakt\/\" title=\"Click Here\" target=\"_self\"   role=\"button\" aria-label=\"Kontakt\">\n\t\t\t\t\t\t\tKontakt\n\t\t<\/a>\n\n","protected":false},"excerpt":{"rendered":"<p>F\u00f6r en b\u00e4ttre morgondag St\u00f6d f\u00f6r att lyckas Uppdrag &#8211; St\u00f6da f\u00f6retag och organisationer att lyckas i sin verksamhetsutveckling Bra planerat, h\u00e4lften gjort. V\u00e5ra tj\u00e4nster Gedigen erfarenhet inom industri och utbildning i \u00f6ver 30 \u00e5r Erfarenhet av verksamhetsutveckling som kvalitetsdirekt\u00f6r och kvalitetschef, arbetarskyddschef, konsult, ledande audit\u00f6r och utbildare. Erbjuder tj\u00e4nster som konsult, leasing chef samt [&hellip;]<\/p>\n","protected":false},"author":1,"featured_media":0,"parent":0,"menu_order":0,"comment_status":"closed","ping_status":"closed","template":"","meta":{"site-sidebar-layout":"no-sidebar","site-content-layout":"page-builder","ast-site-content-layout":"full-width-container","site-content-style":"unboxed","site-sidebar-style":"unboxed","ast-global-header-display":"","ast-banner-title-visibility":"","ast-main-header-display":"","ast-hfb-above-header-display":"","ast-hfb-below-header-display":"","ast-hfb-mobile-header-display":"","site-post-title":"disabled","ast-breadcrumbs-content":"","ast-featured-img":"disabled","footer-sml-layout":"","theme-transparent-header-meta":"enabled","adv-header-id-meta":"","stick-header-meta":"","header-above-stick-meta":"","header-main-stick-meta":"","header-below-stick-meta":"","astra-migrate-meta-layouts":"default","ast-page-background-enabled":"default","ast-page-background-meta":{"desktop":{"background-color":"","background-image":"","background-repeat":"repeat","background-position":"center center","background-size":"auto","background-attachment":"scroll","background-type":"","background-media":"","overlay-type":"","overlay-color":"","overlay-opacity":"","overlay-gradient":""},"tablet":{"background-color":"","background-image":"","background-repeat":"repeat","background-position":"center center","background-size":"auto","background-attachment":"scroll","background-type":"","background-media":"","overlay-type":"","overlay-color":"","overlay-opacity":"","overlay-gradient":""},"mobile":{"background-color":"","background-image":"","background-repeat":"repeat","background-position":"center center","background-size":"auto","background-attachment":"scroll","background-type":"","background-media":"","overlay-type":"","overlay-color":"","overlay-opacity":"","overlay-gradient":""}},"ast-content-background-meta":{"desktop":{"background-color":"var(--ast-global-color-5)","background-image":"","background-repeat":"repeat","background-position":"center center","background-size":"auto","background-attachment":"scroll","background-type":"","background-media":"","overlay-type":"","overlay-color":"","overlay-opacity":"","overlay-gradient":""},"tablet":{"background-color":"var(--ast-global-color-5)","background-image":"","background-repeat":"repeat","background-position":"center center","background-size":"auto","background-attachment":"scroll","background-type":"","background-media":"","overlay-type":"","overlay-color":"","overlay-opacity":"","overlay-gradient":""},"mobile":{"background-color":"var(--ast-global-color-5)","background-image":"","background-repeat":"repeat","background-position":"center center","background-size":"auto","background-attachment":"scroll","background-type":"","background-media":"","overlay-type":"","overlay-color":"","overlay-opacity":"","overlay-gradient":""}},"footnotes":""},"class_list":["post-1257","page","type-page","status-publish","hentry"],"_links":{"self":[{"href":"https:\/\/catalyzer.fi\/sv\/wp-json\/wp\/v2\/pages\/1257","targetHints":{"allow":["GET"]}}],"collection":[{"href":"https:\/\/catalyzer.fi\/sv\/wp-json\/wp\/v2\/pages"}],"about":[{"href":"https:\/\/catalyzer.fi\/sv\/wp-json\/wp\/v2\/types\/page"}],"author":[{"embeddable":true,"href":"https:\/\/catalyzer.fi\/sv\/wp-json\/wp\/v2\/users\/1"}],"replies":[{"embeddable":true,"href":"https:\/\/catalyzer.fi\/sv\/wp-json\/wp\/v2\/comments?post=1257"}],"version-history":[{"count":4,"href":"https:\/\/catalyzer.fi\/sv\/wp-json\/wp\/v2\/pages\/1257\/revisions"}],"predecessor-version":[{"id":1280,"href":"https:\/\/catalyzer.fi\/sv\/wp-json\/wp\/v2\/pages\/1257\/revisions\/1280"}],"wp:attachment":[{"href":"https:\/\/catalyzer.fi\/sv\/wp-json\/wp\/v2\/media?parent=1257"}],"curies":[{"name":"wp","href":"https:\/\/api.w.org\/{rel}","templated":true}]}}