{"id":1259,"date":"2025-03-01T11:32:27","date_gmt":"2025-03-01T11:32:27","guid":{"rendered":"https:\/\/catalyzer.fi\/tjanster\/"},"modified":"2025-04-03T18:03:08","modified_gmt":"2025-04-03T18:03:08","slug":"tjanster","status":"publish","type":"page","link":"https:\/\/catalyzer.fi\/sv\/tjanster\/","title":{"rendered":"Tj\u00e4nster"},"content":{"rendered":"\n\n\t<h1>\n\t\t\t\tTj\u00e4nster\n\t\t\t<\/h1>\n\t\t\t<p>Gedigen erfarenhet inom industri och utbildning i \u00f6ver 30 \u00e5r<\/p>\t\n<h2>\n\t\tKonsultering &amp; leasing\n\t<\/h2>\n\t\t\t\t<img decoding=\"async\" src=\"https:\/\/catalyzer.fi\/wp-content\/uploads\/2025\/03\/Nayttokuva-2025-3-26-kello-14.07.56.png\" alt=\"Konsultointi\" title=\"Konsultointi\" itemprop=\"image\"  \/>\n\t<h3>\n\t\t\t\tKonsultering\n\t\t\t<\/h3>\n\t\t\t<ul><li>Business<\/li><li>System<\/li><li>Processer<\/li><li>Produkter &amp; tj\u00e4nster<\/li><\/ul>\t\n\t\t\t\t<img decoding=\"async\" src=\"https:\/\/catalyzer.fi\/wp-content\/uploads\/2025\/03\/Nayttokuva-2025-3-26-kello-14.06.04.png\" alt=\"Quality management\" title=\"Quality management\" itemprop=\"image\"  \/>\n\t<h3>\n\t\t\t\tKvalitetschef, Leasing\n\t\t\t<\/h3>\n\t\t\t<ul><li>Kvalitet<\/li><li>Milj\u00f6<\/li><li>Energieffektivitet<\/li><li>Arbetss\u00e4kerhet<\/li><li>Laguppfyllnad<\/li><\/ul>\t\n\t\t\t\t<img decoding=\"async\" src=\"https:\/\/catalyzer.fi\/wp-content\/uploads\/2025\/03\/Nayttokuva-2025-3-26-kello-14.06.08.png\" alt=\"Safety management\" title=\"Safety management\" itemprop=\"image\"  \/>\n\t<h3>\n\t\t\t\tArbetarskyddschef, Leasing\n\t\t\t<\/h3>\n\t\t\t<ul><li>Laguppfyllnad<\/li><li>Utveckling av arbetss\u00e4kerhetskulturen<\/li><li>Arbetstagarnas motivation och v\u00e4lm\u00e5ende<\/li><\/ul>\t\n<h2>\n\t\tUtbildning &amp; facilitering\n\t<\/h2>\n\t\t\t\t<img decoding=\"async\" src=\"https:\/\/catalyzer.fi\/wp-content\/uploads\/2025\/03\/kk1.png\" alt=\"kk1\" title=\"kk1\" itemprop=\"image\"  \/>\n\t<h3>\n\t\t\t\tUtbildning\n\t\t\t<\/h3>\n\t\t\t<ul><li>Klassrum<\/li><li>I processen<\/li><li>Benchmarking<\/li><\/ul>\t\n\t\t\t\t<img decoding=\"async\" src=\"https:\/\/catalyzer.fi\/wp-content\/uploads\/2025\/03\/kk2.png\" alt=\"kk2\" title=\"kk2\" itemprop=\"image\"  \/>\n\t<h3>\n\t\t\t\tFacilitering f\u00f6r\n\t\t\t<\/h3>\n\t\t\t<ul><li>Id\u00e9genering<\/li><li>Probleml\u00f6sning &#8211; process, produkt, tj\u00e4nst, reklamationer, &#8230;<\/li><li>Produkt- och tj\u00e4nsteutveckling<\/li><\/ul>\t\n\t\t\t\t<img decoding=\"async\" src=\"https:\/\/catalyzer.fi\/wp-content\/uploads\/2025\/03\/kk3.jpg\" alt=\"kk3\" title=\"kk3\" itemprop=\"image\"  \/>\n\t<h3>\n\t\t\t\tWorkshop f\u00f6r att f\u00f6rb\u00e4ttra\n\t\t\t<\/h3>\n\t\t\t<ul><li>System<\/li><li>Processer<\/li><li>Produkter och tj\u00e4nster<\/li><\/ul>\t\n<h2>\n\t\tKvalitet\n\t<\/h2>\n\t\t\t\t<img decoding=\"async\" src=\"https:\/\/catalyzer.fi\/wp-content\/uploads\/2025\/03\/l1.png\" alt=\"l1\" title=\"l1\" itemprop=\"image\"  \/>\n\t<h3>\n\t\t\t\tUppbyggnad och utveckling av ledningssystem\n\t\t\t<\/h3>\n\t\t\t<ul><li>ISO 9001<\/li><li>ISO 14001<\/li><li>ISO 27001<\/li><li>ISO 45001<\/li><li>ISO 50001<\/li><\/ul>\t\n\t\t\t\t<img decoding=\"async\" src=\"https:\/\/catalyzer.fi\/wp-content\/uploads\/2025\/03\/l2.png\" alt=\"l2\" title=\"l2\" itemprop=\"image\"  \/>\n\t<h3>\n\t\t\t\tAuditering\n\t\t\t<\/h3>\n\t\t\t<ul><li>System<\/li><li>Processer<\/li><li>Produkter och tj\u00e4nster<\/li><li>Leverant\u00f6rer<\/li><\/ul>\t\n\t<h3>\n\t\t\t\tUtv\u00e4rdering av verksamhet\n\t\t\t<\/h3>\n\t\t\t<ul><li>EFQM-modellen<\/li><\/ul>\t\n\t\t\t\t<img decoding=\"async\" src=\"https:\/\/catalyzer.fi\/wp-content\/uploads\/2025\/03\/l3.png\" alt=\"l3\" title=\"l3\" itemprop=\"image\"  \/>\n\t<h3>\n\t\t\t\tProbleml\u00f6sning\n\t\t\t<\/h3>\n\t\t\t<ul><li>System<\/li><li>Processer<\/li><li>Produkter och tj\u00e4nster &#8211; rotorsakanalys, reklamationer, &#8230;<\/li><\/ul>\t\n<h2>\n\t\tMilj\u00f6 &amp; Energieffektivitet\n\t<\/h2>\n\t\t\t\t<img decoding=\"async\" src=\"https:\/\/catalyzer.fi\/wp-content\/uploads\/2025\/03\/y1.png\" alt=\"y1\" title=\"y1\" itemprop=\"image\"  \/>\n\t<h3>\n\t\t\t\tMilj\u00f6fokus\n\t\t\t<\/h3>\n\t\t\t<ul><li>System<\/li><li>Processer<\/li><li>Produkter och tj\u00e4nster<\/li><li>Lagregister<\/li><\/ul>\t\n\t\t\t\t<img decoding=\"async\" src=\"https:\/\/catalyzer.fi\/wp-content\/uploads\/2025\/03\/y2.png\" alt=\"y2\" title=\"y2\" itemprop=\"image\"  \/>\n\t<h3>\n\t\t\t\tH\u00e5llbarhetsst\u00f6d, ESG\n\t\t\t<\/h3>\n\t\t\t<ul><li>Framtagning och s\u00e4tt att arbeta<\/li><li>M\u00e4tning &amp; rapportering<\/li><li>Auditering<\/li><\/ul>\t\n\t\t\t\t<img decoding=\"async\" src=\"https:\/\/catalyzer.fi\/wp-content\/uploads\/2025\/03\/y3.png\" alt=\"y3\" title=\"y3\" itemprop=\"image\"  \/>\n\t<h3>\n\t\t\t\tEnergieffektivitet\n\t\t\t<\/h3>\n\t\t\t<ul><li>System<\/li><li>Processer<\/li><li>Produkter och tj\u00e4nster<\/li><\/ul>\t\n<h2>\n\t\tArbetss\u00e4kerhet\n\t<\/h2>\n\t\t\t\t<img decoding=\"async\" src=\"https:\/\/catalyzer.fi\/wp-content\/uploads\/2025\/03\/t1.png\" alt=\"t1\" title=\"t1\" itemprop=\"image\"  \/>\n\t<h3>\n\t\t\t\tArbetss\u00e4kerhetsfokus\n\t\t\t<\/h3>\n\t\t\t<ul><li>System<\/li><li>Processer<\/li><li>Produkter och tj\u00e4nster<\/li><li>Lagregister<\/li><\/ul>\t\n\t\t\t\t<img decoding=\"async\" src=\"https:\/\/catalyzer.fi\/wp-content\/uploads\/2025\/03\/t2.png\" alt=\"t2\" title=\"t2\" itemprop=\"image\"  \/>\n\t<h3>\n\t\t\t\tRiskbed\u00f6mning\n\t\t\t<\/h3>\n\t\t\t<ul><li>System<\/li><li>Processer<\/li><li>Produkter och tj\u00e4nster<\/li><li>Kemikalier<\/li><li>Rotorsakanalys &#8211; olycksfall, n\u00e4ra \u00f6gat, &#8230;<\/li><\/ul>\t\n\t\t\t\t<img decoding=\"async\" src=\"https:\/\/catalyzer.fi\/wp-content\/uploads\/2025\/03\/t3.png\" alt=\"t3\" title=\"t3\" itemprop=\"image\"  \/>\n\t<h3>\n\t\t\t\tH\u00e5llbar business, ESG\n\t\t\t<\/h3>\n\t\t\t<ul><li>Systemuppbyggnad, m\u00e4ta, rapportera, auditera<\/li><li>Processer, produkter och tj\u00e4nster<\/li><li>Laguppfyllnad<\/li><\/ul>\t\n<h2>\n\t\tProcessf\u00f6rb\u00e4ttring &amp; optimering\n\t<\/h2>\n\t\t\t\t<img decoding=\"async\" src=\"https:\/\/catalyzer.fi\/wp-content\/uploads\/2025\/03\/P1-1.png\" alt=\"P1\" title=\"P1\" itemprop=\"image\"  \/>\n\t<h3>\n\t\t\t\tLean-principer f\u00f6r\n\t\t\t<\/h3>\n\t\t\t<ul><li>Excellent processprestanda<\/li><li>Arbetstagarnas motivation &amp; v\u00e4lm\u00e5ende<\/li><\/ul>\t\n\t<h3>\n\t\t\t\tLean-spel\n\t\t\t<\/h3>\n\t\t\t<ul><li>Experimentell inl\u00e4rning &amp; teori<\/li><\/ul>\t\n\t\t\t\t<img decoding=\"async\" src=\"https:\/\/catalyzer.fi\/wp-content\/uploads\/2025\/03\/p2.png\" alt=\"p2\" title=\"p2\" itemprop=\"image\"  \/>\n\t<h3>\n\t\t\t\tSix Sigma optimering av\n\t\t\t<\/h3>\n\t\t\t<ul><li>Processer<\/li><li>Produkter och tj\u00e4nster<\/li><li>Faktabaserade f\u00f6rb\u00e4ttringar<\/li><\/ul>\t\n\t\t\t\t<img decoding=\"async\" src=\"https:\/\/catalyzer.fi\/wp-content\/uploads\/2025\/03\/p3.png\" alt=\"p3\" title=\"p3\" itemprop=\"image\"  \/>\n\t<h3>\n\t\t\t\tProbleml\u00f6sning\n\t\t\t<\/h3>\n\t\t\t<ul><li>Processer<\/li><li>Produkter och tj\u00e4nster<\/li><\/ul>\t\n\t<h6>\n\t\t\t\tF\u00f6r en b\u00e4ttre morgondag\n\t\t\t<\/h6>\n\t<h2>\n\t\t\t\tKontakta oss\n\t\t\t<\/h2>\n\t\t\t<a href=\"https:\/\/catalyzer.fi\/sv\/kontakt\/\" title=\"Click Here\" target=\"_self\"   role=\"button\" aria-label=\"Kontakt\">\n\t\t\t\t\t\t\tKontakt\n\t\t<\/a>\n\n","protected":false},"excerpt":{"rendered":"<p>Tj\u00e4nster Gedigen erfarenhet inom industri och utbildning i \u00f6ver 30 \u00e5r Konsultering &amp; leasing Konsultering Business System Processer Produkter &amp; tj\u00e4nster Kvalitetschef, Leasing Kvalitet Milj\u00f6 Energieffektivitet Arbetss\u00e4kerhet Laguppfyllnad Arbetarskyddschef, Leasing Laguppfyllnad Utveckling av arbetss\u00e4kerhetskulturen Arbetstagarnas motivation och v\u00e4lm\u00e5ende Utbildning &amp; facilitering Utbildning Klassrum I processen Benchmarking Facilitering f\u00f6r Id\u00e9genering Probleml\u00f6sning &#8211; process, produkt, tj\u00e4nst, reklamationer, [&hellip;]<\/p>\n","protected":false},"author":1,"featured_media":0,"parent":0,"menu_order":0,"comment_status":"closed","ping_status":"closed","template":"","meta":{"site-sidebar-layout":"no-sidebar","site-content-layout":"page-builder","ast-site-content-layout":"full-width-container","site-content-style":"unboxed","site-sidebar-style":"unboxed","ast-global-header-display":"","ast-banner-title-visibility":"","ast-main-header-display":"","ast-hfb-above-header-display":"","ast-hfb-below-header-display":"","ast-hfb-mobile-header-display":"","site-post-title":"disabled","ast-breadcrumbs-content":"","ast-featured-img":"disabled","footer-sml-layout":"","theme-transparent-header-meta":"enabled","adv-header-id-meta":"","stick-header-meta":"","header-above-stick-meta":"","header-main-stick-meta":"","header-below-stick-meta":"","astra-migrate-meta-layouts":"default","ast-page-background-enabled":"default","ast-page-background-meta":{"desktop":{"background-color":"","background-image":"","background-repeat":"repeat","background-position":"center center","background-size":"auto","background-attachment":"scroll","background-type":"","background-media":"","overlay-type":"","overlay-color":"","overlay-opacity":"","overlay-gradient":""},"tablet":{"background-color":"","background-image":"","background-repeat":"repeat","background-position":"center center","background-size":"auto","background-attachment":"scroll","background-type":"","background-media":"","overlay-type":"","overlay-color":"","overlay-opacity":"","overlay-gradient":""},"mobile":{"background-color":"","background-image":"","background-repeat":"repeat","background-position":"center center","background-size":"auto","background-attachment":"scroll","background-type":"","background-media":"","overlay-type":"","overlay-color":"","overlay-opacity":"","overlay-gradient":""}},"ast-content-background-meta":{"desktop":{"background-color":"var(--ast-global-color-5)","background-image":"","background-repeat":"repeat","background-position":"center center","background-size":"auto","background-attachment":"scroll","background-type":"","background-media":"","overlay-type":"","overlay-color":"","overlay-opacity":"","overlay-gradient":""},"tablet":{"background-color":"var(--ast-global-color-5)","background-image":"","background-repeat":"repeat","background-position":"center center","background-size":"auto","background-attachment":"scroll","background-type":"","background-media":"","overlay-type":"","overlay-color":"","overlay-opacity":"","overlay-gradient":""},"mobile":{"background-color":"var(--ast-global-color-5)","background-image":"","background-repeat":"repeat","background-position":"center center","background-size":"auto","background-attachment":"scroll","background-type":"","background-media":"","overlay-type":"","overlay-color":"","overlay-opacity":"","overlay-gradient":""}},"footnotes":""},"class_list":["post-1259","page","type-page","status-publish","hentry"],"_links":{"self":[{"href":"https:\/\/catalyzer.fi\/sv\/wp-json\/wp\/v2\/pages\/1259","targetHints":{"allow":["GET"]}}],"collection":[{"href":"https:\/\/catalyzer.fi\/sv\/wp-json\/wp\/v2\/pages"}],"about":[{"href":"https:\/\/catalyzer.fi\/sv\/wp-json\/wp\/v2\/types\/page"}],"author":[{"embeddable":true,"href":"https:\/\/catalyzer.fi\/sv\/wp-json\/wp\/v2\/users\/1"}],"replies":[{"embeddable":true,"href":"https:\/\/catalyzer.fi\/sv\/wp-json\/wp\/v2\/comments?post=1259"}],"version-history":[{"count":1,"href":"https:\/\/catalyzer.fi\/sv\/wp-json\/wp\/v2\/pages\/1259\/revisions"}],"predecessor-version":[{"id":1282,"href":"https:\/\/catalyzer.fi\/sv\/wp-json\/wp\/v2\/pages\/1259\/revisions\/1282"}],"wp:attachment":[{"href":"https:\/\/catalyzer.fi\/sv\/wp-json\/wp\/v2\/media?parent=1259"}],"curies":[{"name":"wp","href":"https:\/\/api.w.org\/{rel}","templated":true}]}}